{"id":41,"date":"2020-02-10T17:35:30","date_gmt":"2020-02-10T17:35:30","guid":{"rendered":"http:\/\/www.praxis-bernotat.de\/?page_id=41"},"modified":"2022-04-10T09:34:10","modified_gmt":"2022-04-10T09:34:10","slug":"impressum","status":"publish","type":"page","link":"http:\/\/www.praxis-bernotat.de\/?page_id=41","title":{"rendered":"Impressum"},"content":{"rendered":"<h3>F\u00fcr den Inhalt dieser Website verantwortlich:<\/h3>\n<p>Johanna Bernotat<br \/>\nBahnhofstrasse 42<br \/>\n83346 Bergen<br \/>\ninfo@praxis-bernotat.de<br \/>\nTel. +49 177 888 34 58<\/p>\n<p>BSNR: 646017000<\/p>\n<h3>Zust\u00e4ndige \u00c4rztekammer:<\/h3>\n<p>Bayerische Landes\u00e4rztekammer, M\u00fchlbauerstr. 16, 81677 M\u00fcnchen<\/p>\n<h3>Haftungsausschluss<\/h3>\n<p>Haftung f\u00fcr Inhalte: Die Inhalte meiner Seite wurde mit gr\u00f6\u00dfter Sorgfalt erstellt. Dessen ungeachtet kann keine Garantie f\u00fcr Richtigkeit, Vollst\u00e4ndigkeit und Aktualit\u00e4t der Angaben \u00fcbernommen werden.<br \/>\nStand 10.4.2022<\/p>\n<h3>Datenschutz<\/h3>\n<p>Bei der Nutzung meiner Webseite werden keine\u00a0\u00a0personenbezogenen Daten verarbeitet.<br \/>\nCookies werden nicht verwendet.<\/p>\n","protected":false},"excerpt":{"rendered":"<p>F\u00fcr den Inhalt dieser Website verantwortlich: Johanna Bernotat Bahnhofstrasse 42 83346 Bergen info@praxis-bernotat.de Tel. +49 177 888 34 58 BSNR: 646017000 Zust\u00e4ndige \u00c4rztekammer: Bayerische Landes\u00e4rztekammer, M\u00fchlbauerstr. 16, 81677 M\u00fcnchen Haftungsausschluss Haftung f\u00fcr Inhalte: Die Inhalte meiner Seite wurde mit gr\u00f6\u00dfter Sorgfalt erstellt. Dessen ungeachtet kann keine Garantie f\u00fcr Richtigkeit, Vollst\u00e4ndigkeit und Aktualit\u00e4t der Angaben \u00fcbernommen &hellip; <\/p>\n<p class=\"link-more\"><a href=\"http:\/\/www.praxis-bernotat.de\/?page_id=41\" class=\"more-link\">Continue reading<span class=\"screen-reader-text\"> &#8220;Impressum&#8221;<\/span><\/a><\/p>\n","protected":false},"author":1,"featured_media":0,"parent":0,"menu_order":0,"comment_status":"closed","ping_status":"closed","template":"","meta":[],"_links":{"self":[{"href":"http:\/\/www.praxis-bernotat.de\/index.php?rest_route=\/wp\/v2\/pages\/41"}],"collection":[{"href":"http:\/\/www.praxis-bernotat.de\/index.php?rest_route=\/wp\/v2\/pages"}],"about":[{"href":"http:\/\/www.praxis-bernotat.de\/index.php?rest_route=\/wp\/v2\/types\/page"}],"author":[{"embeddable":true,"href":"http:\/\/www.praxis-bernotat.de\/index.php?rest_route=\/wp\/v2\/users\/1"}],"replies":[{"embeddable":true,"href":"http:\/\/www.praxis-bernotat.de\/index.php?rest_route=%2Fwp%2Fv2%2Fcomments&post=41"}],"version-history":[{"count":3,"href":"http:\/\/www.praxis-bernotat.de\/index.php?rest_route=\/wp\/v2\/pages\/41\/revisions"}],"predecessor-version":[{"id":59,"href":"http:\/\/www.praxis-bernotat.de\/index.php?rest_route=\/wp\/v2\/pages\/41\/revisions\/59"}],"wp:attachment":[{"href":"http:\/\/www.praxis-bernotat.de\/index.php?rest_route=%2Fwp%2Fv2%2Fmedia&parent=41"}],"curies":[{"name":"wp","href":"https:\/\/api.w.org\/{rel}","templated":true}]}}