{"id":2,"date":"2011-10-10T17:59:43","date_gmt":"2011-10-10T17:59:43","guid":{"rendered":"http:\/\/www.behind-the-screen.com\/wordpress\/?page_id=2"},"modified":"2026-01-21T12:03:52","modified_gmt":"2026-01-21T12:03:52","slug":"sample-page","status":"publish","type":"page","link":"http:\/\/www.praxis-bernotat.de\/","title":{"rendered":"Praxis Info"},"content":{"rendered":"<p>Willkommen in meiner Praxis f\u00fcr Kinder- und Jugendlichen- Psychotherapie<\/p>\n<p>Ihre Johanna Bernotat<\/p>\n<p><strong>Das ist mein Behandlungsangebot:<\/strong><\/p>\n<ul>\n<li>Tiefenspychologisch fundierte Psychotherapie f\u00fcr Kinder und Jugendliche<\/li>\n<li>Einzel- und Gruppentherapie<\/li>\n<li>S\u00e4uglings-Kleinkind-Eltern-Psychotherapie<\/li>\n<\/ul>\n<p><strong>So k\u00f6nnen Sie mich kontaktieren:<\/strong><\/p>\n<p>Per mail: info@praxis-bernotat.de<br \/>\nPer Telefon: +49 177 888 34 58<\/p>\n<p><strong>Hier finden Sie mich:<\/strong><\/p>\n<p>Bahnhofstrasse 42, 83346 Bergen<\/p>\n<p><a href=\"http:\/\/www.praxis-bernotat.de\/?page_id=41\">Impressum<\/a><\/p>\n","protected":false},"excerpt":{"rendered":"<p>Willkommen in meiner Praxis f\u00fcr Kinder- und Jugendlichen- Psychotherapie Ihre Johanna Bernotat Das ist mein Behandlungsangebot: Tiefenspychologisch fundierte Psychotherapie f\u00fcr Kinder und Jugendliche Einzel- und Gruppentherapie S\u00e4uglings-Kleinkind-Eltern-Psychotherapie So k\u00f6nnen Sie mich kontaktieren: Per mail: info@praxis-bernotat.de Per Telefon: +49 177 888 34 58 Hier finden Sie mich: Bahnhofstrasse 42, 83346 Bergen Impressum<\/p>\n","protected":false},"author":1,"featured_media":0,"parent":0,"menu_order":0,"comment_status":"open","ping_status":"open","template":"","meta":[],"_links":{"self":[{"href":"http:\/\/www.praxis-bernotat.de\/index.php?rest_route=\/wp\/v2\/pages\/2"}],"collection":[{"href":"http:\/\/www.praxis-bernotat.de\/index.php?rest_route=\/wp\/v2\/pages"}],"about":[{"href":"http:\/\/www.praxis-bernotat.de\/index.php?rest_route=\/wp\/v2\/types\/page"}],"author":[{"embeddable":true,"href":"http:\/\/www.praxis-bernotat.de\/index.php?rest_route=\/wp\/v2\/users\/1"}],"replies":[{"embeddable":true,"href":"http:\/\/www.praxis-bernotat.de\/index.php?rest_route=%2Fwp%2Fv2%2Fcomments&post=2"}],"version-history":[{"count":19,"href":"http:\/\/www.praxis-bernotat.de\/index.php?rest_route=\/wp\/v2\/pages\/2\/revisions"}],"predecessor-version":[{"id":66,"href":"http:\/\/www.praxis-bernotat.de\/index.php?rest_route=\/wp\/v2\/pages\/2\/revisions\/66"}],"wp:attachment":[{"href":"http:\/\/www.praxis-bernotat.de\/index.php?rest_route=%2Fwp%2Fv2%2Fmedia&parent=2"}],"curies":[{"name":"wp","href":"https:\/\/api.w.org\/{rel}","templated":true}]}}